{"id":152,"date":"2022-05-17T13:40:59","date_gmt":"2022-05-17T13:40:59","guid":{"rendered":"https:\/\/wunderaue.de\/?page_id=152"},"modified":"2025-08-28T13:03:56","modified_gmt":"2025-08-28T13:03:56","slug":"kontakt","status":"publish","type":"page","link":"https:\/\/wunderaue.de\/?page_id=152","title":{"rendered":"Kontakt"},"content":{"rendered":"\n<p>Ich bin f\u00fcr all Ihre <strong>Fragen <\/strong>oder <strong>Anmeldungsw\u00fcnsche<\/strong> erreichbar per Mail oder Telefon bzw. Anrufbeantworter. Ich melde mich zur\u00fcck!<\/p>\n\n\n\n<p class=\"has-text-align-center has-white-background-color has-background\" style=\"font-size:30px\">JuliaKonieczny@web.de<br>0160\/97206573<\/p>\n\n\n\n<p>Es gibt die M\u00f6glichkeit eines <strong>kostenfreien Kennlerngespr\u00e4chs<\/strong>, <br>in welchem wir Ihr Anliegen kl\u00e4ren, <br>die Kunsttherapie zusammen erleben <br>sowie die m\u00f6glichen weiteren Schritte in den Blick nehmen.<\/p>\n\n\n\n<p>F\u00fcr eine <strong>eventuelle Kostenerm\u00e4\u00dfigung<\/strong> aus sozialen Gr\u00fcnden fragen Sie bitte bei mir nach.<\/p>\n\n\n\n<figure class=\"wp-block-image size-large is-style-rounded\"><img loading=\"lazy\" decoding=\"async\" width=\"1024\" height=\"768\" src=\"https:\/\/wunderaue.de\/wp-content\/uploads\/2022\/05\/P2990811-1024x768.jpg\" alt=\"\" class=\"wp-image-177\" srcset=\"https:\/\/wunderaue.de\/wp-content\/uploads\/2022\/05\/P2990811-1024x768.jpg 1024w, https:\/\/wunderaue.de\/wp-content\/uploads\/2022\/05\/P2990811-300x225.jpg 300w, https:\/\/wunderaue.de\/wp-content\/uploads\/2022\/05\/P2990811-768x576.jpg 768w, https:\/\/wunderaue.de\/wp-content\/uploads\/2022\/05\/P2990811-1536x1152.jpg 1536w, https:\/\/wunderaue.de\/wp-content\/uploads\/2022\/05\/P2990811-2048x1536.jpg 2048w\" sizes=\"auto, (max-width: 706px) 89vw, (max-width: 767px) 82vw, 740px\" \/><\/figure>\n","protected":false},"excerpt":{"rendered":"<p>Ich bin f\u00fcr all Ihre Fragen oder Anmeldungsw\u00fcnsche erreichbar per Mail oder Telefon bzw. Anrufbeantworter. Ich melde mich zur\u00fcck! JuliaKonieczny@web.de0160\/97206573 Es gibt die M\u00f6glichkeit eines kostenfreien Kennlerngespr\u00e4chs, in welchem wir Ihr Anliegen kl\u00e4ren, die Kunsttherapie zusammen erleben sowie die m\u00f6glichen weiteren Schritte in den Blick nehmen. F\u00fcr eine eventuelle Kostenerm\u00e4\u00dfigung aus sozialen Gr\u00fcnden fragen Sie &hellip; <\/p>\n<p class=\"link-more\"><a href=\"https:\/\/wunderaue.de\/?page_id=152\" class=\"more-link\"><span class=\"screen-reader-text\">\u201eKontakt\u201c <\/span>weiterlesen<\/a><\/p>\n","protected":false},"author":1,"featured_media":0,"parent":0,"menu_order":0,"comment_status":"closed","ping_status":"closed","template":"","meta":{"footnotes":""},"class_list":["post-152","page","type-page","status-publish","hentry"],"_links":{"self":[{"href":"https:\/\/wunderaue.de\/index.php?rest_route=\/wp\/v2\/pages\/152","targetHints":{"allow":["GET"]}}],"collection":[{"href":"https:\/\/wunderaue.de\/index.php?rest_route=\/wp\/v2\/pages"}],"about":[{"href":"https:\/\/wunderaue.de\/index.php?rest_route=\/wp\/v2\/types\/page"}],"author":[{"embeddable":true,"href":"https:\/\/wunderaue.de\/index.php?rest_route=\/wp\/v2\/users\/1"}],"replies":[{"embeddable":true,"href":"https:\/\/wunderaue.de\/index.php?rest_route=%2Fwp%2Fv2%2Fcomments&post=152"}],"version-history":[{"count":8,"href":"https:\/\/wunderaue.de\/index.php?rest_route=\/wp\/v2\/pages\/152\/revisions"}],"predecessor-version":[{"id":223,"href":"https:\/\/wunderaue.de\/index.php?rest_route=\/wp\/v2\/pages\/152\/revisions\/223"}],"wp:attachment":[{"href":"https:\/\/wunderaue.de\/index.php?rest_route=%2Fwp%2Fv2%2Fmedia&parent=152"}],"curies":[{"name":"wp","href":"https:\/\/api.w.org\/{rel}","templated":true}]}}