{"id":19,"date":"2020-02-11T09:13:33","date_gmt":"2020-02-11T09:13:33","guid":{"rendered":"http:\/\/wunderaue.de\/?page_id=19"},"modified":"2020-02-21T14:31:08","modified_gmt":"2020-02-21T14:31:08","slug":"kunsttherapie","status":"publish","type":"page","link":"https:\/\/wunderaue.de\/?page_id=19","title":{"rendered":"Kunsttherapie"},"content":{"rendered":"\n<figure class=\"wp-block-image size-large is-style-default\"><img loading=\"lazy\" decoding=\"async\" width=\"1024\" height=\"614\" src=\"https:\/\/wunderaue.de\/wp-content\/uploads\/2020\/02\/Kunsttherapie_Internetseite-1024x614.jpg\" alt=\"\" class=\"wp-image-86\" srcset=\"https:\/\/wunderaue.de\/wp-content\/uploads\/2020\/02\/Kunsttherapie_Internetseite-1024x614.jpg 1024w, https:\/\/wunderaue.de\/wp-content\/uploads\/2020\/02\/Kunsttherapie_Internetseite-300x180.jpg 300w, https:\/\/wunderaue.de\/wp-content\/uploads\/2020\/02\/Kunsttherapie_Internetseite-768x461.jpg 768w, https:\/\/wunderaue.de\/wp-content\/uploads\/2020\/02\/Kunsttherapie_Internetseite-1536x922.jpg 1536w, https:\/\/wunderaue.de\/wp-content\/uploads\/2020\/02\/Kunsttherapie_Internetseite-2048x1229.jpg 2048w, https:\/\/wunderaue.de\/wp-content\/uploads\/2020\/02\/Kunsttherapie_Internetseite-2000x1200.jpg 2000w\" sizes=\"auto, (max-width: 706px) 89vw, (max-width: 767px) 82vw, 740px\" \/><\/figure>\n\n\n\n<p>&#8222;WunderAue&#8220; beschreibt einen wohltuenden Ort &#8211; einen inneren und \u00e4u\u00dferen Zustand, indem etwas aufbrechen kann. So wie der Same vor der Keimung. Die Hoffnung auf das Wunder im Schaffensprozess jedes Einzelnen und dar\u00fcber auf kleine l\u00f6sende Heilungsschritte im Leben. <\/p>\n\n\n\n<h2 class=\"wp-block-heading\">Mein kunsttherapeutisches Angebot<\/h2>\n\n\n\n<p>Im Mittelpunkt meines <strong>multimedialen kunsttherapeutischen Angebotes<\/strong> stehen die Materialien und Techniken der <em>Bildenden Kunst<\/em> wie Speckstein- , Holz, und Tonplastik, Kreiden, Farben, Collage, Naturmaterialien usw. Den in seelischer Notlage befindlichen Menschen wird die M\u00f6glichkeit gegeben sich mit diesen sinnlichen Materialien in einem angstfreien Raum auszuprobieren. Im Weiteren dann aber auch in <em>Bewegung<\/em> oder<em> Tanz<\/em> auszudr\u00fccken und\/ oder in <em>Musik<\/em> oder <em>kreativen Schreiben<\/em> zu erfahren. Der angebotene Wechsel der Kunstformen innerhalb einer Beratung erm\u00f6glicht dabei Verdichtung und Leichtigkeit. Die Erfahrungen im kreativen Spielraum k\u00f6nnen dann in das eigene Leben \u00fcbertragen werden. Dabei bleiben in diesem Prozess immer die Teilnehmenden Experte ihres\/seines Lebens. <br><br>Mit &#8222;WunderAue&#8220; verbindet sich ganz konkret auch das pr\u00e4ventiv wirkende therapeutische Angebot in der freien Natur wie z.B. dem Leipziger Auenwald als Ort zum  Durchatmen und Innehalten. Die <b>Natur als Kraftquelle und Stilleort<\/b> in Verbindung mit behutsamen sch\u00f6pferischen Handeln wie <em>Landart<\/em> sowohl f\u00fcr Erwachsenen als auch f\u00fcr Kinder und Jugendliche. Zusammen mit dem multimedialen Ansatz liegt hier die Besonderheit meiner kunsttherapeutischen Beratung. <\/p>\n\n\n\n<h2 class=\"wp-block-heading\">Meine therapeutische Grundhaltung<\/h2>\n\n\n\n<p>Als Kunsttherapeutin setze ich auf die heilsame und sinnliche Erfahrung von Kunst in seelischen Notlagen. In diesem Prozess begleite und unterst\u00fctze ich als Kunsttherapeutin mit einer therapeutischen Grundhaltung der <strong>radikalen Akzeptanz<\/strong> und <strong>Wertsch\u00e4tzung<\/strong>. Ich sehe den Menschen<strong> systemisch<\/strong> eingebettet in sein Lebensumfeld und in den nat\u00fcrlichen Sch\u00f6pfungskreislauf und verbunden mit allem Lebendigen. Dabei steht die <strong>Sch\u00f6pfungskraft<\/strong> des Menschen <strong>therapieschul\u00fcbergreifend<\/strong> f\u00fcr mich im Mittelpunkt. Eine <strong>Ressource,<\/strong> die es wieder zu wecken und entdecken gilt.<br><br>Der Weg zum Kunstwerk ist genauso bedeutsam wie das fertige Kunstwerk selber. <br>Daher liegt der Schwerpunkt meiner <strong>prozessorientierten<\/strong> Arbeit darin, Ver\u00e4nderungsprozesse der Menschen in &#8222;Notengen&#8220; darin zu begleiten, zun\u00e4chst wieder ins kreative Spielen zu kommen. So wird Wachstum wieder Raum gegeben und die Betroffenen k\u00f6nnen wieder zu ihrer eigenen Lebendigkeit und Sein finden.<br>In den verschiedenen Schaffensphasen biete ich Unterst\u00fctzung an, gebe gestalterische Anregungen und Impulse um den Menschen in Kontakt mit dem Material in eine sch\u00f6pferische Auseinandersetzung zu f\u00fchren. Dabei k\u00f6nnen kreative und emotionale Blockaden ins Bewusstsein geholt werden. Auch Tr\u00e4ume und verborgene W\u00fcnsche und Sehns\u00fcchte Ausdruck finden. <\/p>\n\n\n\n<h2 class=\"wp-block-heading\">M\u00f6glichkeiten und Chancen der Kunsttherapie<\/h2>\n\n\n\n<p>Diese Kunsttherapie kann keine notwendige psychotherapeutische Behandlung ersetzen. Jedoch kann ich durch behutsame sch\u00f6pferische Angebote und kreativen Spielraum den Betroffenen in seiner akuten seelischen Notlage <strong>ohne lange Wartezeiten<\/strong> \u00fcberbr\u00fcckend auffangen.  Sp\u00e4ter kann diese kreative Therapieform in Erg\u00e4nzung zur Psychotherapie wirksam werden. <br>F\u00fcr manchen Menschen ist die Kunsttherapie sogar der einzige <strong>wirkungsvolle Weg aus der Krise<\/strong>. Die Sprache der Farben und Formen ist daf\u00fcr der geeignete Schutzraum, wo der verbale Zugang zun\u00e4chst noch versch\u00fcttet und \u00fcberlagert wird wie z.B. nach traumatischen Erfahrungen. <br><br>Mein konkretes Einzel- und Gruppenangebot finden Sie oben unter &#8222;<strong>Kursangebot<\/strong>&#8222;. Bitte scheuen Sie sich nicht mit mir schriftlich oder telefonisch in Kontakt zu treten, wenn Sie Fragen oder Interesse haben. <br><\/p>\n\n\n\n<p><\/p>\n","protected":false},"excerpt":{"rendered":"<p>&#8222;WunderAue&#8220; beschreibt einen wohltuenden Ort &#8211; einen inneren und \u00e4u\u00dferen Zustand, indem etwas aufbrechen kann. So wie der Same vor der Keimung. Die Hoffnung auf das Wunder im Schaffensprozess jedes Einzelnen und dar\u00fcber auf kleine l\u00f6sende Heilungsschritte im Leben. Mein kunsttherapeutisches Angebot Im Mittelpunkt meines multimedialen kunsttherapeutischen Angebotes stehen die Materialien und Techniken der Bildenden &hellip; <\/p>\n<p class=\"link-more\"><a href=\"https:\/\/wunderaue.de\/?page_id=19\" class=\"more-link\"><span class=\"screen-reader-text\">\u201eKunsttherapie\u201c <\/span>weiterlesen<\/a><\/p>\n","protected":false},"author":1,"featured_media":0,"parent":0,"menu_order":0,"comment_status":"closed","ping_status":"closed","template":"","meta":{"footnotes":""},"class_list":["post-19","page","type-page","status-publish","hentry"],"_links":{"self":[{"href":"https:\/\/wunderaue.de\/index.php?rest_route=\/wp\/v2\/pages\/19","targetHints":{"allow":["GET"]}}],"collection":[{"href":"https:\/\/wunderaue.de\/index.php?rest_route=\/wp\/v2\/pages"}],"about":[{"href":"https:\/\/wunderaue.de\/index.php?rest_route=\/wp\/v2\/types\/page"}],"author":[{"embeddable":true,"href":"https:\/\/wunderaue.de\/index.php?rest_route=\/wp\/v2\/users\/1"}],"replies":[{"embeddable":true,"href":"https:\/\/wunderaue.de\/index.php?rest_route=%2Fwp%2Fv2%2Fcomments&post=19"}],"version-history":[{"count":9,"href":"https:\/\/wunderaue.de\/index.php?rest_route=\/wp\/v2\/pages\/19\/revisions"}],"predecessor-version":[{"id":88,"href":"https:\/\/wunderaue.de\/index.php?rest_route=\/wp\/v2\/pages\/19\/revisions\/88"}],"wp:attachment":[{"href":"https:\/\/wunderaue.de\/index.php?rest_route=%2Fwp%2Fv2%2Fmedia&parent=19"}],"curies":[{"name":"wp","href":"https:\/\/api.w.org\/{rel}","templated":true}]}}