{"id":21,"date":"2020-02-11T09:17:03","date_gmt":"2020-02-11T09:17:03","guid":{"rendered":"http:\/\/wunderaue.de\/?page_id=21"},"modified":"2020-02-21T23:02:20","modified_gmt":"2020-02-21T23:02:20","slug":"kuenstlerische-arbeit","status":"publish","type":"page","link":"https:\/\/wunderaue.de\/?page_id=21","title":{"rendered":"k\u00fcnstlerische Arbeit"},"content":{"rendered":"\n<figure class=\"wp-block-gallery columns-2 is-cropped wp-block-gallery-1 is-layout-flex wp-block-gallery-is-layout-flex\"><ul class=\"blocks-gallery-grid\"><li class=\"blocks-gallery-item\"><figure><img loading=\"lazy\" decoding=\"async\" width=\"724\" height=\"1024\" src=\"http:\/\/wunderaue.de\/wp-content\/uploads\/2020\/02\/Scan-v.-JK-Kreisbild-Dez2019-724x1024.jpg\" alt=\"\" data-id=\"10\" data-full-url=\"http:\/\/wunderaue.de\/wp-content\/uploads\/2020\/02\/Scan-v.-JK-Kreisbild-Dez2019-scaled.jpg\" data-link=\"http:\/\/wunderaue.de\/?attachment_id=10\" class=\"wp-image-10\" srcset=\"https:\/\/wunderaue.de\/wp-content\/uploads\/2020\/02\/Scan-v.-JK-Kreisbild-Dez2019-724x1024.jpg 724w, https:\/\/wunderaue.de\/wp-content\/uploads\/2020\/02\/Scan-v.-JK-Kreisbild-Dez2019-212x300.jpg 212w, https:\/\/wunderaue.de\/wp-content\/uploads\/2020\/02\/Scan-v.-JK-Kreisbild-Dez2019-768x1087.jpg 768w, https:\/\/wunderaue.de\/wp-content\/uploads\/2020\/02\/Scan-v.-JK-Kreisbild-Dez2019-1085x1536.jpg 1085w, https:\/\/wunderaue.de\/wp-content\/uploads\/2020\/02\/Scan-v.-JK-Kreisbild-Dez2019-1447x2048.jpg 1447w, https:\/\/wunderaue.de\/wp-content\/uploads\/2020\/02\/Scan-v.-JK-Kreisbild-Dez2019-1200x1698.jpg 1200w, https:\/\/wunderaue.de\/wp-content\/uploads\/2020\/02\/Scan-v.-JK-Kreisbild-Dez2019-1980x2802.jpg 1980w, https:\/\/wunderaue.de\/wp-content\/uploads\/2020\/02\/Scan-v.-JK-Kreisbild-Dez2019-scaled.jpg 1809w\" sizes=\"auto, (max-width: 724px) 100vw, 724px\" \/><\/figure><\/li><li class=\"blocks-gallery-item\"><figure><img loading=\"lazy\" decoding=\"async\" width=\"1024\" height=\"744\" src=\"http:\/\/wunderaue.de\/wp-content\/uploads\/2020\/02\/20191202172309905_0001-scaled-e1581411420222-1024x744.jpg\" alt=\"\" data-id=\"9\" data-full-url=\"http:\/\/wunderaue.de\/wp-content\/uploads\/2020\/02\/20191202172309905_0001-scaled-e1581411420222.jpg\" data-link=\"http:\/\/wunderaue.de\/?attachment_id=9\" class=\"wp-image-9\" srcset=\"https:\/\/wunderaue.de\/wp-content\/uploads\/2020\/02\/20191202172309905_0001-scaled-e1581411420222-1024x744.jpg 1024w, https:\/\/wunderaue.de\/wp-content\/uploads\/2020\/02\/20191202172309905_0001-scaled-e1581411420222-300x218.jpg 300w, https:\/\/wunderaue.de\/wp-content\/uploads\/2020\/02\/20191202172309905_0001-scaled-e1581411420222-768x558.jpg 768w, https:\/\/wunderaue.de\/wp-content\/uploads\/2020\/02\/20191202172309905_0001-scaled-e1581411420222-1536x1115.jpg 1536w, https:\/\/wunderaue.de\/wp-content\/uploads\/2020\/02\/20191202172309905_0001-scaled-e1581411420222-2048x1487.jpg 2048w\" sizes=\"auto, (max-width: 706px) 89vw, (max-width: 767px) 82vw, 740px\" \/><\/figure><\/li><\/ul><figcaption class=\"blocks-gallery-caption\"> <\/figcaption><\/figure>\n\n\n\n<p style=\"font-size:18px\">Meine eigenen k\u00fcnstlerischen Sch\u00f6pfungen haben ihren Schwerpunkt zur Zeit in der grafischen Malerei im Mittel- oder Kleinformat. Grafische Spuren umgarnen und spielen mit anderen Malmittel wie Tusche und Aquarell um Fundst\u00fccke oder Kleckse. Ausgangspunkt dieser fantasievollen Innenwelten ist meine sch\u00f6pferische Mitte.<\/p>\n\n\n\n<p style=\"font-size:25px\" class=\"has-text-align-right\">Jeden Tag verabrede ich mich zum Spielen.<\/p>\n\n\n\n<p style=\"font-size:18px\">Die intensive Wiederholung f\u00fchrt mich dabei oft zur Kl\u00e4rung in der k\u00fcnstlerischen Auseinandersetzung. Klarheit und Durchblick suche ich auch in den Skulpturen aus Holz und Speckstein, die zum ber\u00fchren einladen. Dabei interessiert mich eher im Sch\u00f6pferischen das auszudr\u00fccken, was sich emotional f\u00fcr mich dahinter verbirgt als der Gegenstand selber.<\/p>\n\n\n\n<figure class=\"wp-block-gallery columns-3 is-cropped wp-block-gallery-2 is-layout-flex wp-block-gallery-is-layout-flex\"><ul class=\"blocks-gallery-grid\"><li class=\"blocks-gallery-item\"><figure><img loading=\"lazy\" decoding=\"async\" width=\"724\" height=\"1024\" src=\"https:\/\/wunderaue.de\/wp-content\/uploads\/2020\/02\/20200214114512_001-724x1024.jpg\" alt=\"\" data-id=\"91\" data-link=\"https:\/\/wunderaue.de\/?attachment_id=91\" class=\"wp-image-91\" srcset=\"https:\/\/wunderaue.de\/wp-content\/uploads\/2020\/02\/20200214114512_001-724x1024.jpg 724w, https:\/\/wunderaue.de\/wp-content\/uploads\/2020\/02\/20200214114512_001-212x300.jpg 212w, https:\/\/wunderaue.de\/wp-content\/uploads\/2020\/02\/20200214114512_001-768x1086.jpg 768w, https:\/\/wunderaue.de\/wp-content\/uploads\/2020\/02\/20200214114512_001-1086x1536.jpg 1086w, https:\/\/wunderaue.de\/wp-content\/uploads\/2020\/02\/20200214114512_001-1448x2048.jpg 1448w, https:\/\/wunderaue.de\/wp-content\/uploads\/2020\/02\/20200214114512_001-scaled.jpg 1810w\" sizes=\"auto, (max-width: 724px) 100vw, 724px\" \/><\/figure><\/li><li class=\"blocks-gallery-item\"><figure><img loading=\"lazy\" decoding=\"async\" width=\"679\" height=\"1024\" src=\"https:\/\/wunderaue.de\/wp-content\/uploads\/2020\/02\/20200214114623_001-2-679x1024.jpg\" alt=\"\" data-id=\"97\" data-link=\"https:\/\/wunderaue.de\/?attachment_id=97\" class=\"wp-image-97\" srcset=\"https:\/\/wunderaue.de\/wp-content\/uploads\/2020\/02\/20200214114623_001-2-679x1024.jpg 679w, https:\/\/wunderaue.de\/wp-content\/uploads\/2020\/02\/20200214114623_001-2-199x300.jpg 199w, https:\/\/wunderaue.de\/wp-content\/uploads\/2020\/02\/20200214114623_001-2-768x1158.jpg 768w, https:\/\/wunderaue.de\/wp-content\/uploads\/2020\/02\/20200214114623_001-2-1019x1536.jpg 1019w, https:\/\/wunderaue.de\/wp-content\/uploads\/2020\/02\/20200214114623_001-2-1359x2048.jpg 1359w, https:\/\/wunderaue.de\/wp-content\/uploads\/2020\/02\/20200214114623_001-2-scaled.jpg 1698w\" sizes=\"auto, (max-width: 679px) 100vw, 679px\" \/><\/figure><\/li><li class=\"blocks-gallery-item\"><figure><img loading=\"lazy\" decoding=\"async\" width=\"705\" height=\"1024\" src=\"https:\/\/wunderaue.de\/wp-content\/uploads\/2020\/02\/20200214114406_001-2-705x1024.jpg\" alt=\"\" data-id=\"99\" data-full-url=\"https:\/\/wunderaue.de\/wp-content\/uploads\/2020\/02\/20200214114406_001-2-scaled.jpg\" data-link=\"https:\/\/wunderaue.de\/?attachment_id=99\" class=\"wp-image-99\" srcset=\"https:\/\/wunderaue.de\/wp-content\/uploads\/2020\/02\/20200214114406_001-2-705x1024.jpg 705w, https:\/\/wunderaue.de\/wp-content\/uploads\/2020\/02\/20200214114406_001-2-207x300.jpg 207w, https:\/\/wunderaue.de\/wp-content\/uploads\/2020\/02\/20200214114406_001-2-768x1115.jpg 768w, https:\/\/wunderaue.de\/wp-content\/uploads\/2020\/02\/20200214114406_001-2-1058x1536.jpg 1058w, https:\/\/wunderaue.de\/wp-content\/uploads\/2020\/02\/20200214114406_001-2-1411x2048.jpg 1411w, https:\/\/wunderaue.de\/wp-content\/uploads\/2020\/02\/20200214114406_001-2-scaled.jpg 1763w\" sizes=\"auto, (max-width: 705px) 100vw, 705px\" \/><\/figure><\/li><\/ul><figcaption class=\"blocks-gallery-caption\">Aus der Serie &#8222;Wunderlich&#8220;  Tusche und Aquarell  2020<\/figcaption><\/figure>\n\n\n\n<figure class=\"wp-block-gallery columns-3 is-cropped wp-block-gallery-3 is-layout-flex wp-block-gallery-is-layout-flex\"><ul class=\"blocks-gallery-grid\"><li class=\"blocks-gallery-item\"><figure><img loading=\"lazy\" decoding=\"async\" width=\"732\" height=\"1024\" src=\"https:\/\/wunderaue.de\/wp-content\/uploads\/2020\/02\/20200214123729_001-scaled-e1582321099129-732x1024.jpg\" alt=\"\" data-id=\"107\" data-link=\"https:\/\/wunderaue.de\/?attachment_id=107\" class=\"wp-image-107\" srcset=\"https:\/\/wunderaue.de\/wp-content\/uploads\/2020\/02\/20200214123729_001-scaled-e1582321099129-732x1024.jpg 732w, https:\/\/wunderaue.de\/wp-content\/uploads\/2020\/02\/20200214123729_001-scaled-e1582321099129-215x300.jpg 215w, https:\/\/wunderaue.de\/wp-content\/uploads\/2020\/02\/20200214123729_001-scaled-e1582321099129-768x1074.jpg 768w, https:\/\/wunderaue.de\/wp-content\/uploads\/2020\/02\/20200214123729_001-scaled-e1582321099129-1099x1536.jpg 1099w, https:\/\/wunderaue.de\/wp-content\/uploads\/2020\/02\/20200214123729_001-scaled-e1582321099129.jpg 1286w\" sizes=\"auto, (max-width: 732px) 100vw, 732px\" \/><\/figure><\/li><li class=\"blocks-gallery-item\"><figure><img loading=\"lazy\" decoding=\"async\" width=\"1024\" height=\"737\" src=\"https:\/\/wunderaue.de\/wp-content\/uploads\/2020\/02\/20200214124254_001-2-1024x737.jpg\" alt=\"\" data-id=\"108\" data-link=\"https:\/\/wunderaue.de\/?attachment_id=108\" class=\"wp-image-108\" srcset=\"https:\/\/wunderaue.de\/wp-content\/uploads\/2020\/02\/20200214124254_001-2-1024x737.jpg 1024w, https:\/\/wunderaue.de\/wp-content\/uploads\/2020\/02\/20200214124254_001-2-300x216.jpg 300w, https:\/\/wunderaue.de\/wp-content\/uploads\/2020\/02\/20200214124254_001-2-768x553.jpg 768w, https:\/\/wunderaue.de\/wp-content\/uploads\/2020\/02\/20200214124254_001-2-1536x1106.jpg 1536w, https:\/\/wunderaue.de\/wp-content\/uploads\/2020\/02\/20200214124254_001-2-2048x1474.jpg 2048w\" sizes=\"auto, (max-width: 706px) 89vw, (max-width: 767px) 82vw, 740px\" \/><\/figure><\/li><li class=\"blocks-gallery-item\"><figure><img loading=\"lazy\" decoding=\"async\" width=\"1024\" height=\"749\" src=\"https:\/\/wunderaue.de\/wp-content\/uploads\/2020\/02\/20200214123932_001-2-1-1024x749.jpg\" alt=\"\" data-id=\"113\" data-full-url=\"https:\/\/wunderaue.de\/wp-content\/uploads\/2020\/02\/20200214123932_001-2-1-scaled.jpg\" data-link=\"https:\/\/wunderaue.de\/?attachment_id=113\" class=\"wp-image-113\" srcset=\"https:\/\/wunderaue.de\/wp-content\/uploads\/2020\/02\/20200214123932_001-2-1-1024x749.jpg 1024w, https:\/\/wunderaue.de\/wp-content\/uploads\/2020\/02\/20200214123932_001-2-1-300x219.jpg 300w, https:\/\/wunderaue.de\/wp-content\/uploads\/2020\/02\/20200214123932_001-2-1-768x562.jpg 768w, https:\/\/wunderaue.de\/wp-content\/uploads\/2020\/02\/20200214123932_001-2-1-1536x1124.jpg 1536w, https:\/\/wunderaue.de\/wp-content\/uploads\/2020\/02\/20200214123932_001-2-1-2048x1498.jpg 2048w\" sizes=\"auto, (max-width: 706px) 89vw, (max-width: 767px) 82vw, 740px\" \/><\/figure><\/li><\/ul><figcaption class=\"blocks-gallery-caption\">aus der Serie &#8222;Paar&#8220;  Monotypie und Zeichnung Juli 2019<\/figcaption><\/figure>\n\n\n\n<figure class=\"wp-block-gallery columns-0 is-cropped wp-block-gallery-4 is-layout-flex wp-block-gallery-is-layout-flex\"><ul class=\"blocks-gallery-grid\"><\/ul><\/figure>\n\n\n\n<h2 class=\"wp-block-heading\"><\/h2>\n\n\n\n<p><\/p>\n","protected":false},"excerpt":{"rendered":"<p>Meine eigenen k\u00fcnstlerischen Sch\u00f6pfungen haben ihren Schwerpunkt zur Zeit in der grafischen Malerei im Mittel- oder Kleinformat. Grafische Spuren umgarnen und spielen mit anderen Malmittel wie Tusche und Aquarell um Fundst\u00fccke oder Kleckse. Ausgangspunkt dieser fantasievollen Innenwelten ist meine sch\u00f6pferische Mitte. Jeden Tag verabrede ich mich zum Spielen. Die intensive Wiederholung f\u00fchrt mich dabei oft &hellip; <\/p>\n<p class=\"link-more\"><a href=\"https:\/\/wunderaue.de\/?page_id=21\" class=\"more-link\"><span class=\"screen-reader-text\">\u201ek\u00fcnstlerische Arbeit\u201c <\/span>weiterlesen<\/a><\/p>\n","protected":false},"author":1,"featured_media":0,"parent":0,"menu_order":0,"comment_status":"closed","ping_status":"closed","template":"","meta":{"footnotes":""},"class_list":["post-21","page","type-page","status-publish","hentry"],"_links":{"self":[{"href":"https:\/\/wunderaue.de\/index.php?rest_route=\/wp\/v2\/pages\/21","targetHints":{"allow":["GET"]}}],"collection":[{"href":"https:\/\/wunderaue.de\/index.php?rest_route=\/wp\/v2\/pages"}],"about":[{"href":"https:\/\/wunderaue.de\/index.php?rest_route=\/wp\/v2\/types\/page"}],"author":[{"embeddable":true,"href":"https:\/\/wunderaue.de\/index.php?rest_route=\/wp\/v2\/users\/1"}],"replies":[{"embeddable":true,"href":"https:\/\/wunderaue.de\/index.php?rest_route=%2Fwp%2Fv2%2Fcomments&post=21"}],"version-history":[{"count":11,"href":"https:\/\/wunderaue.de\/index.php?rest_route=\/wp\/v2\/pages\/21\/revisions"}],"predecessor-version":[{"id":118,"href":"https:\/\/wunderaue.de\/index.php?rest_route=\/wp\/v2\/pages\/21\/revisions\/118"}],"wp:attachment":[{"href":"https:\/\/wunderaue.de\/index.php?rest_route=%2Fwp%2Fv2%2Fmedia&parent=21"}],"curies":[{"name":"wp","href":"https:\/\/api.w.org\/{rel}","templated":true}]}}