{"id":36,"date":"2020-02-11T09:28:41","date_gmt":"2020-02-11T09:28:41","guid":{"rendered":"http:\/\/wunderaue.de\/?page_id=36"},"modified":"2022-05-18T07:35:35","modified_gmt":"2022-05-18T07:35:35","slug":"kursangebot","status":"publish","type":"page","link":"https:\/\/wunderaue.de\/?page_id=36","title":{"rendered":"Kursangebot"},"content":{"rendered":"\n<h2 class=\"wp-block-heading\">Kunsttherapeutische Kurse<\/h2>\n\n\n\n<p class=\"has-text-align-center has-medium-font-size\"><strong>1. Kunsttherapieangebot <\/strong><br>&#8222;<strong>Ver\u00e4nderungen<\/strong>&#8222;<\/p>\n\n\n\n<p>Das Leben ist ein fortlaufender Ver\u00e4nderungsprozess mit vielen kleinen und gro\u00dfen \u00dcberg\u00e4ngen wie Schuleintritt, Ausbildungs- oder Studienbeginn , Lebenspartnerschaft, Elternwerden, Arbeitsplatz- oder Wohnortswechsel, Scheidung und Trennung, Gro\u00dfelternwerden, Renteneintritt und Lebensabschied. <br>Manche Menschen erfahren jedoch besondere Ver\u00e4nderungsprozesse als so einschneidend, dass sie aus der Bahn geworfen werden, aus den Fluss zum Stillstand kommen oder umkreisen.  Psychische Erkrankungen k\u00f6nnen sich daraus entwickeln. <br>Dieses Angebot richtet sich an alle Interessierten, die in diesen Zeiten eine St\u00e4rkung durch den kreativen Ausdruck und Schaffensprozess w\u00fcnschen und dabei therapeutische Begleitung annehmen wollen. Der Schwerpunkt dieser Gruppe ist das bewusste Mitgehen, Verabschieden und Neubegr\u00fc\u00dfen und Weitergehen der verschiedenen Lebensereignisse. <br><br><strong>Kunsttherapiegruppe f\u00fcr Kinder<\/strong> <br>max. 5 Kinder<br>w\u00f6chentlich\/ 90 Minuten \u00e1 18 \u20ac<br><br><strong>Kunsttherapiegruppe f\u00fcr Erwachsene<\/strong> <br>max. 8 Teilnehmer<br>aller 2 Wochen\/ 90 Minuten \u00e1 20 \u20ac<br><br><strong>Einzelberatung Kunsttherapie f\u00fcr Kinder &amp; Erwachsene<\/strong><br>60 Minuten \u00e1 70 \u20ac<br>(Sie bekommen zeitnahe Beratungstermine ohne Warteliste !)<br><br><strong>Kunsttherapie f\u00fcr Paare<\/strong><br>90 Minuten \u00e1 90 \u20ac<\/p>\n\n\n\n<p class=\"has-light-green-cyan-background-color has-background\"><strong>Zur Kursanmeldung:<\/strong><br>Bitte melden Sie sich und\/oder Ihr Kind per<br>Mail (<em>kontakt@wunderaue.de<\/em>) oder per <br>Telefon (<em>0160\/97206573<\/em>)  an. <br>Gern k\u00f6nnen Sie sich auch mit Ihren Fragen rund um das gesamte Angebot an mich wenden. Ich kann Ihnen zeitnah und unb\u00fcrokratisch Beratungstermine anbieten. <\/p>\n\n\n\n<p class=\"has-text-align-center has-medium-font-size\"><strong>2. Kunsttherapieangebot <br>&#8222;hochsensibel Leben gestalten&#8220; <\/strong><\/p>\n\n\n\n<p>F\u00fcr viele hochsensible Menschen ist die Begegnung mit dem begrifflichen Ph\u00e4nomen &#8222;Hochsensibilit\u00e4t&#8220; (HSP) eine Erl\u00f6sung und eine gesunde wertsch\u00e4tzende Erkl\u00e4rung ihrer besonderen Pers\u00f6nlichkeit. F\u00fcr sie bietet der Kurs eine Unterst\u00fctzung in eine gelingende und ihnen entsprechende Lebensgestaltung hineinzuwachsen. Das sch\u00f6pferische Tun bietet daf\u00fcr ein Spielfeld an &#8211; ein Probehandeln und Experimentieren mit den M\u00f6glichkeiten. Seelische Verletzungen, die vielleicht in der Kindheit oder auch im gegenw\u00e4rtigen Lebensalltag ans Licht gebracht werden, finden Ausdruck und k\u00f6nnen heilen. <br>Aber auch Menschen, die sich im weitesten Sinne f\u00fcr das Ph\u00e4nomen HSP f\u00fcr ihre Arbeitsfelder oder aktuellen Lebensbeziehungen interessieren, sind eingeladen dieses Angebot wahrzunehmen. So beinhaltet das Angebot auch informative und Elemente und die M\u00f6glichkeit zum Austausch \u00fcber:<\/p>\n\n\n\n<ul class=\"wp-block-list\"><li>Reichtum entdecken und Selbstf\u00fcrsorge entwickeln<\/li><li>hochsensibel und Liebe<\/li><li>hochsensibel im Beruf<\/li><li>hochsensibel und Finanzen<\/li><li>hochsensibel und Beziehungen<br><\/li><\/ul>\n\n\n\n<p><strong>Kunsttherapiegruppe HS f\u00fcr Erwachsene<\/strong> ( ab September 2020)<br>max. 5 Erwachsene<br>w\u00f6chentlich\/ 90 Minuten \u00e1 20 \u20ac<\/p>\n\n\n\n<p><strong>Einzelberatung f\u00fcr Kinder &amp; Jugendliche &amp; Erwachsene <\/strong><br>Nat\u00fcrlich k\u00f6nnen Sie dem Ph\u00e4nomen Hochsensibilit\u00e4t auch in Form kunsttherapeutischer Einzelberatungen nachsp\u00fcren und Raum geben.<br><\/p>\n\n\n\n<p class=\"has-light-green-cyan-background-color has-background\"><strong>Zur Kursanmeldung:<\/strong><br>Bitte melden Sie sich und\/oder Ihr Kind per <br>Mail (<em>kontakt@wunderaue.de)<\/em> oder per <br>Handy <i>(0160\/ 97206573) <\/i> an. <br>Gern k\u00f6nnen Sie sich auch mit Ihren Fragen rund um das gesamte Angebot an mich wenden. <\/p>\n\n\n\n<h2 class=\"wp-block-heading\">Kunst- und Kreativit\u00e4tskurse<\/h2>\n\n\n\n<h3 class=\"wp-block-heading\">1. Kreativit\u00e4tskurs &#8222;Schwung&#8220; f\u00fcr Erwachsene<\/h3>\n\n\n\n<p class=\"has-text-align-left\">Jeder sch\u00f6pferische Mensch kennt auch die Phasen, in denen Gef\u00fchle der Stagnation, der Kreativit\u00e4tsblockade oder D\u00fcrre aufkommen. <br>Dieses Angebot eignet sich im engeren Sinne f\u00fcr Kunst-StudentInnen, SchriftstellerInnen, BildhauerInnen, T\u00e4nzerInnen usw., die <strong>kreativ blockiert wieder eine Entfaltung ihrer Kreativit\u00e4t w\u00fcnschen<\/strong> -in den Fluss kommen wollen. <br>Aber es sind auch einfach Menschen eingeladen, die \u00fcber das Erwachen der eigenen Sch\u00f6pferkraft mehr <strong>Lebendigkeit und Schwung<\/strong> auch in anderer Lebensbereichen w\u00fcnschen. Das Angebot umfasst kreativit\u00e4tsf\u00f6rdernde Elemente und Tagebuchf\u00fchren.<\/p>\n\n\n\n<p class=\"has-text-align-left\">(8 Teilnehmer\/ w\u00f6chentlich\/ 90 Minuten \u00e1 12 \u20ac)<\/p>\n\n\n\n<h3 class=\"wp-block-heading\">2. Kunstkurs &#8222;365 Bilder im Jahr&#8220; f\u00fcr Erwachsene<\/h3>\n\n\n\n<p class=\"has-text-align-left\">Jahreskurs f\u00fcr 6 TeilnehmerInnen, die <strong>jeden Tag ein Bild <\/strong>entstehen lassen. Die Verabredung zum t\u00e4glichen Bild kann ein Ritual werden und zu einer unvorhersehbare Entwicklung im sch\u00f6pferischen Sein und Handeln f\u00fchren. Dieser eigene Prozess wird in monatlichen Gruppentreffen sensibel begleitet und miteinander geteilt. Es kann am Ende in eine gemeinsame Ausstellung m\u00fcnden.<br> <br>(6 Teilnehmer\/ monatlich\/ 120 Minuten \u00e1 18 \u20ac)<\/p>\n\n\n\n<h3 class=\"wp-block-heading\">3. &#8222;Landart&#8220; f\u00fcr Kinder ab 6 <\/h3>\n\n\n\n<p class=\"has-text-align-left\">Verschiedene Naturorte wie G\u00e4rten und Wald und sinnliche Naturmaterialien laden ein zum freudigen Sammeln, Spielen, Experimentieren und behutsamen Neusch\u00f6pfen.<br><br>(w\u00f6chentlich\/ 75 Minuten \u00e1 10 \u20ac)<\/p>\n\n\n\n<figure class=\"wp-block-gallery has-nested-images columns-default is-cropped wp-block-gallery-1 is-layout-flex wp-block-gallery-is-layout-flex\">\n<figure class=\"wp-block-image size-large\"><img loading=\"lazy\" decoding=\"async\" width=\"2560\" height=\"1920\" data-id=\"174\" src=\"https:\/\/wunderaue.de\/wp-content\/uploads\/2022\/05\/P3000289-scaled.jpg\" alt=\"\" class=\"wp-image-174\" srcset=\"https:\/\/wunderaue.de\/wp-content\/uploads\/2022\/05\/P3000289-scaled.jpg 2560w, https:\/\/wunderaue.de\/wp-content\/uploads\/2022\/05\/P3000289-300x225.jpg 300w, https:\/\/wunderaue.de\/wp-content\/uploads\/2022\/05\/P3000289-1024x768.jpg 1024w, https:\/\/wunderaue.de\/wp-content\/uploads\/2022\/05\/P3000289-768x576.jpg 768w, https:\/\/wunderaue.de\/wp-content\/uploads\/2022\/05\/P3000289-1536x1152.jpg 1536w, https:\/\/wunderaue.de\/wp-content\/uploads\/2022\/05\/P3000289-2048x1536.jpg 2048w\" sizes=\"auto, (max-width: 706px) 89vw, (max-width: 767px) 82vw, 740px\" \/><\/figure>\n\n\n\n<figure class=\"wp-block-image size-large\"><img loading=\"lazy\" decoding=\"async\" width=\"1786\" height=\"2560\" data-id=\"103\" src=\"https:\/\/wunderaue.de\/wp-content\/uploads\/2020\/02\/20200214120323_001-2-scaled.jpg\" alt=\"\" class=\"wp-image-103\" srcset=\"https:\/\/wunderaue.de\/wp-content\/uploads\/2020\/02\/20200214120323_001-2-scaled.jpg 1786w, https:\/\/wunderaue.de\/wp-content\/uploads\/2020\/02\/20200214120323_001-2-209x300.jpg 209w, https:\/\/wunderaue.de\/wp-content\/uploads\/2020\/02\/20200214120323_001-2-714x1024.jpg 714w, https:\/\/wunderaue.de\/wp-content\/uploads\/2020\/02\/20200214120323_001-2-768x1101.jpg 768w, https:\/\/wunderaue.de\/wp-content\/uploads\/2020\/02\/20200214120323_001-2-1071x1536.jpg 1071w, https:\/\/wunderaue.de\/wp-content\/uploads\/2020\/02\/20200214120323_001-2-1429x2048.jpg 1429w\" sizes=\"auto, (max-width: 706px) 89vw, (max-width: 767px) 82vw, 740px\" \/><\/figure>\n<\/figure>\n\n\n\n<h3 class=\"wp-block-heading\">3. &#8222;Landart &amp; Bildhauen&#8220; f\u00fcr Kinder ab 10<\/h3>\n\n\n\n<p class=\"has-text-align-left\">Verschiedene Orte im Leipziger Auwald und sinnliche Materialien laden ein zum freudigen Sammeln, Spielen, Experimentieren und Neusch\u00f6pfen. Speckstein und weiches Holz kann zur Plastik werden durch bildhauerisches Weitergestalten.<br><br>(w\u00f6chentlich\/ 90 Minuten \u00e1 12 \u20ac)<\/p>\n\n\n\n<h3 class=\"wp-block-heading\">3. &#8222;Landart&#8220; f\u00fcr Erwachsene<\/h3>\n\n\n\n<p class=\"has-text-align-left\">Der Leipziger Auenwald lockt zum achtsamen Durchatmen und Auftanken. Wir erkunden verschiedenen Naturorte im Gr\u00fcnen und lassen uns einladen zum Sammeln, Experimentieren und Neusch\u00f6pfen der Fundst\u00fccke an Ort und Stelle.<br><br>(w\u00f6chentlich\/ 120 Minuten 18 \u20ac)<\/p>\n\n\n\n<p class=\"has-light-green-cyan-background-color has-background\"><strong>Zur<\/strong> <strong>Kursanmeldung:<\/strong> <br>Wenn Sie Lust und Interesse an einem der Kurse haben, dann melden Sie sich  und\/oder Ihr Kind  bitte <br>per Mail <em>(kontakt@wunderaue.de)<\/em> oder <br>per Handy (<em>0160\/97206573<\/em>) an.<\/p>\n\n\n\n<p><\/p>\n","protected":false},"excerpt":{"rendered":"<p>Kunsttherapeutische Kurse 1. Kunsttherapieangebot &#8222;Ver\u00e4nderungen&#8222; Das Leben ist ein fortlaufender Ver\u00e4nderungsprozess mit vielen kleinen und gro\u00dfen \u00dcberg\u00e4ngen wie Schuleintritt, Ausbildungs- oder Studienbeginn , Lebenspartnerschaft, Elternwerden, Arbeitsplatz- oder Wohnortswechsel, Scheidung und Trennung, Gro\u00dfelternwerden, Renteneintritt und Lebensabschied. Manche Menschen erfahren jedoch besondere Ver\u00e4nderungsprozesse als so einschneidend, dass sie aus der Bahn geworfen werden, aus den Fluss zum &hellip; <\/p>\n<p class=\"link-more\"><a href=\"https:\/\/wunderaue.de\/?page_id=36\" class=\"more-link\"><span class=\"screen-reader-text\">\u201eKursangebot\u201c <\/span>weiterlesen<\/a><\/p>\n","protected":false},"author":1,"featured_media":0,"parent":0,"menu_order":0,"comment_status":"closed","ping_status":"closed","template":"","meta":{"footnotes":""},"class_list":["post-36","page","type-page","status-publish","hentry"],"_links":{"self":[{"href":"https:\/\/wunderaue.de\/index.php?rest_route=\/wp\/v2\/pages\/36","targetHints":{"allow":["GET"]}}],"collection":[{"href":"https:\/\/wunderaue.de\/index.php?rest_route=\/wp\/v2\/pages"}],"about":[{"href":"https:\/\/wunderaue.de\/index.php?rest_route=\/wp\/v2\/types\/page"}],"author":[{"embeddable":true,"href":"https:\/\/wunderaue.de\/index.php?rest_route=\/wp\/v2\/users\/1"}],"replies":[{"embeddable":true,"href":"https:\/\/wunderaue.de\/index.php?rest_route=%2Fwp%2Fv2%2Fcomments&post=36"}],"version-history":[{"count":20,"href":"https:\/\/wunderaue.de\/index.php?rest_route=\/wp\/v2\/pages\/36\/revisions"}],"predecessor-version":[{"id":188,"href":"https:\/\/wunderaue.de\/index.php?rest_route=\/wp\/v2\/pages\/36\/revisions\/188"}],"wp:attachment":[{"href":"https:\/\/wunderaue.de\/index.php?rest_route=%2Fwp%2Fv2%2Fmedia&parent=36"}],"curies":[{"name":"wp","href":"https:\/\/api.w.org\/{rel}","templated":true}]}}